{"id":753,"date":"2022-01-18T17:17:26","date_gmt":"2022-01-18T16:17:26","guid":{"rendered":"http:\/\/www.provenceegyptologie.org\/?page_id=753"},"modified":"2022-01-18T17:27:12","modified_gmt":"2022-01-18T16:27:12","slug":"liens-vers-les-autres-associations-degyptologie-2","status":"publish","type":"page","link":"https:\/\/provenceegyptologie.org\/index.php\/liens-vers-les-autres-associations-degyptologie-2\/","title":{"rendered":"Liens vers les autres associations d\u2019\u00e9gyptologie"},"content":{"rendered":"\n<h2 class=\"wp-block-heading\">&#8211; Association varoise d&rsquo;Egyptologie &#8211; Kemetmaa (Solli\u00e8s-Pont)<\/h2>\n\n\n\n<h3 class=\"wp-block-heading\"><a href=\"https:\/\/xfp5095.phpnet.org\/wordpress\/wordpress\/\" data-type=\"URL\" data-id=\"https:\/\/xfp5095.phpnet.org\/wordpress\/wordpress\/\">https:\/\/xfp5095.phpnet.org\/wordpress\/wordpress\/<\/a><\/h3>\n\n\n\n<p><\/p>\n\n\n\n<h2 class=\"wp-block-heading\">&#8211; Association Egyptologique du Gard (N\u00eemes)<\/h2>\n\n\n\n<h2 class=\"wp-block-heading\"><a href=\"https:\/\/www.egyptonimes.fr\/index.php?lang=fr\" data-type=\"URL\" data-id=\"https:\/\/www.egyptonimes.fr\/index.php?lang=fr\">https:\/\/www.egyptonimes.fr\/index.php?lang=fr<\/a><\/h2>\n\n\n\n<p><\/p>\n\n\n\n<h2 class=\"wp-block-heading\">&#8211; Les Amis de l&rsquo;Egypte Ancienne (Saint Est\u00e8ve)<\/h2>\n\n\n\n<h2 class=\"wp-block-heading\"><a href=\"https:\/\/ancienegypte.fr\/\" data-type=\"URL\" data-id=\"https:\/\/ancienegypte.fr\/\">https:\/\/ancienegypte.fr\/<\/a><\/h2>\n\n\n\n<p><\/p>\n\n\n\n<h2 class=\"wp-block-heading\">&#8211; ADEC &#8211; Association Dauphinoise d&rsquo;Egyptologie Champollion (Grenoble)<\/h2>\n\n\n\n<h2 class=\"wp-block-heading\"><a href=\"https:\/\/www.champollion-adec.net\/\" data-type=\"URL\" data-id=\"https:\/\/www.champollion-adec.net\/\">https:\/\/www.champollion-adec.net\/<\/a><\/h2>\n\n\n\n<p><\/p>\n\n\n\n<h2 class=\"wp-block-heading\">&#8211; Soci\u00e9t\u00e9  fran\u00e7aise d&rsquo;\u00e9gyptologie (SFE)<\/h2>\n\n\n\n<h2 class=\"wp-block-heading\"><a href=\"http:\/\/www.sfe-egyptologie.fr\" data-type=\"URL\" data-id=\"www.sfe-egyptologie.fr\">www.sfe-egyptologie.fr<\/a><\/h2>\n\n\n\n<p><\/p>\n\n\n\n<h2 class=\"wp-block-heading\">&#8211; Centre Languedocien d&rsquo;Egyptologie de B\u00e9ziers<\/h2>\n\n\n\n<h2 class=\"wp-block-heading\"><a href=\"http:\/\/centrelanguedocienegyptologie.blogspot.com\">http:\/\/centrelanguedocienegyptologie.blogspot.com<\/a><\/h2>\n\n\n\n<p><\/p>\n","protected":false},"excerpt":{"rendered":"<p>&#8211; Association varoise d&rsquo;Egyptologie &#8211; Kemetmaa (Solli\u00e8s-Pont) https:\/\/xfp5095.phpnet.org\/wordpress\/wordpress\/ &#8211; Association Egyptologique du Gard (N\u00eemes) https:\/\/www.egyptonimes.fr\/index.php?lang=fr &#8211; Les Amis de l&rsquo;Egypte Ancienne (Saint Est\u00e8ve) https:\/\/ancienegypte.fr\/ &#8211; ADEC &#8211; Association Dauphinoise d&rsquo;Egyptologie [&hellip;]<\/p>\n","protected":false},"author":1,"featured_media":0,"parent":0,"menu_order":0,"comment_status":"closed","ping_status":"closed","template":"","meta":{"_eb_attr":"","_price":"","_stock":"","_tribe_ticket_header":"","_tribe_default_ticket_provider":"","_tribe_ticket_capacity":"0","_ticket_start_date":"","_ticket_end_date":"","_tribe_ticket_show_description":"","_tribe_ticket_show_not_going":false,"_tribe_ticket_use_global_stock":"","_tribe_ticket_global_stock_level":"","_global_stock_mode":"","_global_stock_cap":"","_tribe_rsvp_for_event":"","_tribe_ticket_going_count":"","_tribe_ticket_not_going_count":"","_tribe_tickets_list":"[]","_tribe_ticket_has_attendee_info_fields":false,"ocean_post_layout":"","ocean_both_sidebars_style":"","ocean_both_sidebars_content_width":0,"ocean_both_sidebars_sidebars_width":0,"ocean_sidebar":"0","ocean_second_sidebar":"0","ocean_disable_margins":"enable","ocean_add_body_class":"","ocean_shortcode_before_top_bar":"","ocean_shortcode_after_top_bar":"","ocean_shortcode_before_header":"","ocean_shortcode_after_header":"","ocean_has_shortcode":"","ocean_shortcode_after_title":"","ocean_shortcode_before_footer_widgets":"","ocean_shortcode_after_footer_widgets":"","ocean_shortcode_before_footer_bottom":"","ocean_shortcode_after_footer_bottom":"","ocean_display_top_bar":"default","ocean_display_header":"default","ocean_header_style":"","ocean_center_header_left_menu":"0","ocean_custom_header_template":"0","ocean_custom_logo":0,"ocean_custom_retina_logo":0,"ocean_custom_logo_max_width":0,"ocean_custom_logo_tablet_max_width":0,"ocean_custom_logo_mobile_max_width":0,"ocean_custom_logo_max_height":0,"ocean_custom_logo_tablet_max_height":0,"ocean_custom_logo_mobile_max_height":0,"ocean_header_custom_menu":"0","ocean_menu_typo_font_family":"0","ocean_menu_typo_font_subset":"","ocean_menu_typo_font_size":0,"ocean_menu_typo_font_size_tablet":0,"ocean_menu_typo_font_size_mobile":0,"ocean_menu_typo_font_size_unit":"px","ocean_menu_typo_font_weight":"","ocean_menu_typo_font_weight_tablet":"","ocean_menu_typo_font_weight_mobile":"","ocean_menu_typo_transform":"","ocean_menu_typo_transform_tablet":"","ocean_menu_typo_transform_mobile":"","ocean_menu_typo_line_height":0,"ocean_menu_typo_line_height_tablet":0,"ocean_menu_typo_line_height_mobile":0,"ocean_menu_typo_line_height_unit":"","ocean_menu_typo_spacing":0,"ocean_menu_typo_spacing_tablet":0,"ocean_menu_typo_spacing_mobile":0,"ocean_menu_typo_spacing_unit":"","ocean_menu_link_color":"","ocean_menu_link_color_hover":"","ocean_menu_link_color_active":"","ocean_menu_link_background":"","ocean_menu_link_hover_background":"","ocean_menu_link_active_background":"","ocean_menu_social_links_bg":"","ocean_menu_social_hover_links_bg":"","ocean_menu_social_links_color":"","ocean_menu_social_hover_links_color":"","ocean_disable_title":"default","ocean_disable_heading":"default","ocean_post_title":"","ocean_post_subheading":"","ocean_post_title_style":"","ocean_post_title_background_color":"","ocean_post_title_background":0,"ocean_post_title_bg_image_position":"","ocean_post_title_bg_image_attachment":"","ocean_post_title_bg_image_repeat":"","ocean_post_title_bg_image_size":"","ocean_post_title_height":0,"ocean_post_title_bg_overlay":0.5,"ocean_post_title_bg_overlay_color":"","ocean_disable_breadcrumbs":"default","ocean_breadcrumbs_color":"","ocean_breadcrumbs_separator_color":"","ocean_breadcrumbs_links_color":"","ocean_breadcrumbs_links_hover_color":"","ocean_display_footer_widgets":"default","ocean_display_footer_bottom":"default","ocean_custom_footer_template":"0","footnotes":"","_tec_slr_enabled":"","_tec_slr_layout":""},"class_list":["post-753","page","type-page","status-publish","hentry","entry"],"ticketed":false,"_links":{"self":[{"href":"https:\/\/provenceegyptologie.org\/index.php\/wp-json\/wp\/v2\/pages\/753","targetHints":{"allow":["GET"]}}],"collection":[{"href":"https:\/\/provenceegyptologie.org\/index.php\/wp-json\/wp\/v2\/pages"}],"about":[{"href":"https:\/\/provenceegyptologie.org\/index.php\/wp-json\/wp\/v2\/types\/page"}],"author":[{"embeddable":true,"href":"https:\/\/provenceegyptologie.org\/index.php\/wp-json\/wp\/v2\/users\/1"}],"replies":[{"embeddable":true,"href":"https:\/\/provenceegyptologie.org\/index.php\/wp-json\/wp\/v2\/comments?post=753"}],"version-history":[{"count":2,"href":"https:\/\/provenceegyptologie.org\/index.php\/wp-json\/wp\/v2\/pages\/753\/revisions"}],"predecessor-version":[{"id":875,"href":"https:\/\/provenceegyptologie.org\/index.php\/wp-json\/wp\/v2\/pages\/753\/revisions\/875"}],"wp:attachment":[{"href":"https:\/\/provenceegyptologie.org\/index.php\/wp-json\/wp\/v2\/media?parent=753"}],"curies":[{"name":"wp","href":"https:\/\/api.w.org\/{rel}","templated":true}]}}